{"id":1101,"date":"2017-09-07T21:36:16","date_gmt":"2017-09-07T20:36:16","guid":{"rendered":"http:\/\/www.ammonberatung.de\/anno\/?page_id=1101"},"modified":"2018-04-10T10:07:23","modified_gmt":"2018-04-10T09:07:23","slug":"services-2","status":"publish","type":"page","link":"https:\/\/www.anno-immobilien.de\/?page_id=1101","title":{"rendered":"Maklertagebuch"},"content":{"rendered":"<div class=\"content-box\">\n<h3 class=\"content-title\">Maklertagebuch<\/h3>\n<p>Damit der Verkaufsprozess keine Blackbox ist, k\u00f6nnen Sie in unserer Datenbank einsehen, welche Aktivit\u00e4ten wir f\u00fcr Sie unternommen haben. Sie sehen zeitnah welche Besichtigungen anstehen und was dabei rausgekommen ist. Sie k\u00f6nnen verfolgen, wem wir alles Ihre Immobilie angeboten haben. Schauen Sie uns \u00fcber die Schulter und \u00fcberzeugen Sie sich von unserer qualitativ hochwertigen Dienstleistung.<\/p>\n<form action=\"http:\/\/www.objekttracking.de\/cgi-bin\/zeitung.pl\" method=\"post\" name=\"Objekttracking\" target=\"_blank\"><input name=\"action\" type=\"hidden\" value=\"login\" \/><br \/>\n<input name=\"lizenz\" type=\"HIDDEN\" value=\"001-2519\" \/><\/p>\n<table style=\"height: 109px;\" width=\"358\">\n<tbody>\n<tr>\n<td>Objektnummer*<\/td>\n<td><input title=\"Objektnummer\" name=\"objekt\" type=\"text\" value=\"\" \/><\/td>\n<\/tr>\n<tr>\n<td>Passwort*<\/td>\n<td><input title=\"Passwort\" name=\"password\" type=\"text\" value=\"\" \/><\/td>\n<\/tr>\n<tr>\n<td><\/td>\n<td><input name=\"submitter\" type=\"submit\" value=\"Login\" \/><\/td>\n<\/tr>\n<\/tbody>\n<\/table>\n<\/form>\n<\/div>\n","protected":false},"excerpt":{"rendered":"<p>Maklertagebuch Damit der Verkaufsprozess keine Blackbox ist, k\u00f6nnen Sie in unserer Datenbank einsehen, welche Aktivit\u00e4ten wir f\u00fcr Sie unternommen haben. Sie sehen zeitnah welche Besichtigungen anstehen und was dabei rausgekommen ist. Sie k\u00f6nnen verfolgen, wem wir alles Ihre Immobilie angeboten haben. Schauen Sie uns \u00fcber die Schulter und \u00fcberzeugen Sie sich von unserer qualitativ hochwertigen <span class=\"moretag\"><a href=\"https:\/\/www.anno-immobilien.de\/?page_id=1101\" class=\"btn btn-sm btn-primary\">Mehr Infos<\/a><\/span><\/p>\n","protected":false},"author":1,"featured_media":0,"parent":0,"menu_order":0,"comment_status":"closed","ping_status":"closed","template":"","meta":{"footnotes":""},"class_list":["post-1101","page","type-page","status-publish","hentry"],"_links":{"self":[{"href":"https:\/\/www.anno-immobilien.de\/index.php?rest_route=\/wp\/v2\/pages\/1101","targetHints":{"allow":["GET"]}}],"collection":[{"href":"https:\/\/www.anno-immobilien.de\/index.php?rest_route=\/wp\/v2\/pages"}],"about":[{"href":"https:\/\/www.anno-immobilien.de\/index.php?rest_route=\/wp\/v2\/types\/page"}],"author":[{"embeddable":true,"href":"https:\/\/www.anno-immobilien.de\/index.php?rest_route=\/wp\/v2\/users\/1"}],"replies":[{"embeddable":true,"href":"https:\/\/www.anno-immobilien.de\/index.php?rest_route=%2Fwp%2Fv2%2Fcomments&post=1101"}],"version-history":[{"count":20,"href":"https:\/\/www.anno-immobilien.de\/index.php?rest_route=\/wp\/v2\/pages\/1101\/revisions"}],"predecessor-version":[{"id":2075,"href":"https:\/\/www.anno-immobilien.de\/index.php?rest_route=\/wp\/v2\/pages\/1101\/revisions\/2075"}],"wp:attachment":[{"href":"https:\/\/www.anno-immobilien.de\/index.php?rest_route=%2Fwp%2Fv2%2Fmedia&parent=1101"}],"curies":[{"name":"wp","href":"https:\/\/api.w.org\/{rel}","templated":true}]}}