{"id":1772,"date":"2017-10-25T10:12:50","date_gmt":"2017-10-25T09:12:50","guid":{"rendered":"http:\/\/www.ammonberatung.de\/anno\/?page_id=1772"},"modified":"2017-10-25T22:19:40","modified_gmt":"2017-10-25T21:19:40","slug":"datenraum","status":"publish","type":"page","link":"https:\/\/www.anno-immobilien.de\/?page_id=1772","title":{"rendered":"Datenraum"},"content":{"rendered":"<div class=\"content-box\">\n<h3 class=\"content-title\">Datenraum<\/h3>\n<p>Sie ben\u00f6tigen mehr Informationen oder die Verkaufsunterlagen f\u00fcr die Bank. Kein Problem! In diesem Bereich k\u00f6nnen wir Ihnen beliebig viele Dokumenten zum Download bereitstellen. Ist der Zeitpunkt gekommen, so senden wir Ihnen Zugangsdaten und Sie k\u00f6nnen sich entsprechend in Ihrem Datenraum anmelden.<\/p>\n<p>&nbsp;<\/p>\n<div class=\"brlbs-cmpnt-container brlbs-cmpnt-content-blocker brlbs-cmpnt-with-individual-styles\" data-borlabs-cookie-content-blocker-id=\"default\" data-borlabs-cookie-content=\"PGlmcmFtZSBzcmM9Imh0dHBzOi8vd3d3LnBkZmV4cG9zZS5kZS9kYXRlbnJhdW0vIiB3aWR0aD0iMTAwJSIgaGVpZ2h0PSI1MDAiIGZyYW1lYm9yZGVyPSIwIj4NCjxkaXYgY2xhc3M9ImNvbnRlbnQtYm94Ij48L2Rpdj4NCiZuYnNwOw0KDQombmJzcDsNCg0KPC9pZnJhbWU+\">\n<div class=\"brlbs-cmpnt-cb-preset-a\">\n<p class=\"brlbs-cmpnt-cb-description\">Sie sehen gerade einen Platzhalterinhalt von <strong>Standard<\/strong>. Um auf den eigentlichen Inhalt zuzugreifen, klicken Sie auf den Button unten. Bitte beachten Sie, dass dabei Daten an Drittanbieter weitergegeben werden.<\/p>\n<div class=\"brlbs-cmpnt-cb-buttons\"> <a class=\"brlbs-cmpnt-cb-btn\" href=\"#\" data-borlabs-cookie-unblock role=\"button\">Inhalt entsperren<\/a> <a class=\"brlbs-cmpnt-cb-btn\" href=\"#\" data-borlabs-cookie-accept-service role=\"button\" style=\"display: none\">Erforderlichen Service akzeptieren und Inhalte entsperren<\/a> <\/div>\n<p> <a class=\"brlbs-cmpnt-cb-provider-toggle\" href=\"#\" data-borlabs-cookie-show-provider-information role=\"button\">Weitere Informationen<\/a> <\/div>\n<\/div>\n<\/div>\n","protected":false},"excerpt":{"rendered":"<p>Datenraum Sie ben\u00f6tigen mehr Informationen oder die Verkaufsunterlagen f\u00fcr die Bank. Kein Problem! In diesem Bereich k\u00f6nnen wir Ihnen beliebig viele Dokumenten zum Download bereitstellen. Ist der Zeitpunkt gekommen, so senden wir Ihnen Zugangsdaten und Sie k\u00f6nnen sich entsprechend in Ihrem Datenraum anmelden. &nbsp; Sie sehen gerade einen Platzhalterinhalt von Standard. Um auf den eigentlichen <span class=\"moretag\"><a href=\"https:\/\/www.anno-immobilien.de\/?page_id=1772\" class=\"btn btn-sm btn-primary\">Mehr Infos<\/a><\/span><\/p>\n","protected":false},"author":1,"featured_media":0,"parent":0,"menu_order":0,"comment_status":"closed","ping_status":"closed","template":"","meta":{"footnotes":""},"class_list":["post-1772","page","type-page","status-publish","hentry"],"_links":{"self":[{"href":"https:\/\/www.anno-immobilien.de\/index.php?rest_route=\/wp\/v2\/pages\/1772","targetHints":{"allow":["GET"]}}],"collection":[{"href":"https:\/\/www.anno-immobilien.de\/index.php?rest_route=\/wp\/v2\/pages"}],"about":[{"href":"https:\/\/www.anno-immobilien.de\/index.php?rest_route=\/wp\/v2\/types\/page"}],"author":[{"embeddable":true,"href":"https:\/\/www.anno-immobilien.de\/index.php?rest_route=\/wp\/v2\/users\/1"}],"replies":[{"embeddable":true,"href":"https:\/\/www.anno-immobilien.de\/index.php?rest_route=%2Fwp%2Fv2%2Fcomments&post=1772"}],"version-history":[{"count":5,"href":"https:\/\/www.anno-immobilien.de\/index.php?rest_route=\/wp\/v2\/pages\/1772\/revisions"}],"predecessor-version":[{"id":1864,"href":"https:\/\/www.anno-immobilien.de\/index.php?rest_route=\/wp\/v2\/pages\/1772\/revisions\/1864"}],"wp:attachment":[{"href":"https:\/\/www.anno-immobilien.de\/index.php?rest_route=%2Fwp%2Fv2%2Fmedia&parent=1772"}],"curies":[{"name":"wp","href":"https:\/\/api.w.org\/{rel}","templated":true}]}}