{"id":1776,"date":"2017-10-25T10:20:04","date_gmt":"2017-10-25T09:20:04","guid":{"rendered":"http:\/\/www.ammonberatung.de\/anno\/?page_id=1776"},"modified":"2022-08-01T11:22:22","modified_gmt":"2022-08-01T10:22:22","slug":"impressum","status":"publish","type":"page","link":"https:\/\/www.anno-immobilien.de\/?page_id=1776","title":{"rendered":"Impressum"},"content":{"rendered":"<h3 class=\"content-title\">Impressum<\/h3>\n<table border=\"0\" cellspacing=\"0\" cellpadding=\"0\">\n<tbody>\n<tr align=\"LEFT\" valign=\"TOP\">\n<td colspan=\"2\" width=\"488\">\n<table id=\"Tabelle1\" border=\"0\" width=\"488\" cellspacing=\"3\" cellpadding=\"1\">\n<tbody>\n<tr valign=\"TOP\">\n<td width=\"213\"><b><span style=\"font-family: Arial, Helvetica, Univers, 'Zurich BT';\">Firmenname:<\/span><\/b><\/td>\n<td width=\"262\"><span style=\"font-family: Arial, Helvetica, Univers, 'Zurich BT';\">Anno Immobilien<br \/>\nund Projektentwicklungs GmbH und Co. KG<\/span><\/td>\n<\/tr>\n<tr valign=\"TOP\">\n<td width=\"213\"><b><span style=\"font-family: Arial, Helvetica, Univers, 'Zurich BT';\">Kommanditisten:<\/span><\/b><\/td>\n<td width=\"262\"><span style=\"color: #010000; font-family: Arial, Helvetica, Univers, 'Zurich BT';\">Uwe Kippel<\/span><\/td>\n<\/tr>\n<tr valign=\"TOP\">\n<td width=\"213\"><b><span style=\"font-family: Arial, Helvetica, Univers, 'Zurich BT';\">Stra\u00dfe:<\/span><\/b><\/td>\n<td width=\"262\">Bismarckstr. 10<\/td>\n<\/tr>\n<tr valign=\"TOP\">\n<td width=\"213\"><b><span style=\"font-family: Arial, Helvetica, Univers, 'Zurich BT';\">PLZ\/Ort:<\/span><\/b><\/td>\n<td width=\"262\"><span style=\"font-family: Arial, Helvetica, Univers, 'Zurich BT';\">12157 Berlin<\/span><\/td>\n<\/tr>\n<tr valign=\"TOP\">\n<td width=\"213\"><b><span style=\"font-family: Arial, Helvetica, Univers, 'Zurich BT';\">Telefon:<\/span><\/b><\/td>\n<td width=\"262\">030 23 88 81 30<\/td>\n<\/tr>\n<tr valign=\"TOP\">\n<td width=\"213\"><b><span style=\"font-family: Arial, Helvetica, Univers, 'Zurich BT';\">Telefax:<\/span><\/b><\/td>\n<td width=\"262\">030 23 88 81 28<\/td>\n<\/tr>\n<tr valign=\"TOP\">\n<td width=\"213\"><b><span style=\"font-family: Arial, Helvetica, Univers, 'Zurich BT';\">E-Mail:<\/span><\/b><\/td>\n<td width=\"262\"><a href=\"mailto:info@anno-immobilien.de\"><span style=\"color: #010000; font-family: Arial, Helvetica, Univers, 'Zurich BT';\">info@anno-immobilien.de<\/span><\/a><\/td>\n<\/tr>\n<tr valign=\"TOP\">\n<td><strong>Vertretungsberechtigter:<\/strong><\/td>\n<td>Anno Verwaltungs GmbH, Bismarckstr. 10, 12157 Berlin \/ Amtsgericht Charlottenburg, Handelsregisterabteilung B<br \/>\nAmtsgerichtplatz 1, 14057 Berlin \/ HRB 19131 B \/ Gesch\u00e4ftsf\u00fchrer: Uwe Kippel \/ Bezirksamt Steglitz-Zehlendorf von Berlin, Abt. Finanzen, Wirtschaft und Wohnen, Gewerbeamt, Schlo\u00dfstr. 37, 12163 Berlin \/ Erlaubnis nach \u00a7 34 c GewO \/ Steuernummer: 29\/417\/00547 \/ IHK Berlin, Fasanenstr. 85, 10623 Berlin<\/td>\n<\/tr>\n<tr valign=\"TOP\">\n<td width=\"213\"><b><span style=\"font-family: Arial, Helvetica, Univers, 'Zurich BT';\">Handelsregister:<\/span><\/b><\/td>\n<td width=\"262\"><span style=\"color: #010000; font-family: Arial, Helvetica, Univers, 'Zurich BT';\">Amtsgericht Charlottenburg, Handelsregister Abteilung A, Amtsgerichtsplatz 1, 14057 Berlin<\/span><\/td>\n<\/tr>\n<tr valign=\"TOP\">\n<td width=\"213\"><b><span style=\"font-family: Arial, Helvetica, Univers, 'Zurich BT';\">Handelsregister-Nr.:<\/span><\/b><\/td>\n<td width=\"262\"><span style=\"color: #010000; font-family: Arial, Helvetica, Univers, 'Zurich BT';\">HRA 36588 B<\/span><\/td>\n<\/tr>\n<tr valign=\"TOP\">\n<td width=\"213\"><b><span style=\"font-family: Arial, Helvetica, Univers, 'Zurich BT';\">Berufskammer:<\/span><\/b><\/td>\n<td width=\"262\"><span style=\"color: #010000; font-family: Arial, Helvetica, Univers, 'Zurich BT';\">Industrie- und Handelskammer zu Berlin, Fasanenstra\u00dfe 85, 10623 Berlin<\/span><\/td>\n<\/tr>\n<tr valign=\"TOP\">\n<td width=\"213\"><b><span style=\"font-family: Arial, Helvetica, Univers, 'Zurich BT';\">Berufsaufsichtsbeh\u00f6rde:<\/span><\/b><\/td>\n<td width=\"262\"><span style=\"color: #010000; font-family: Arial, Helvetica, Univers, 'Zurich BT';\">Gewerbeerlaubnis durch das Bezirksamt Berlin-Steglitz-Zehlendorf, Abt. Finanzen, Wirtschaft und Wohnen, Schlo\u00dfstra\u00dfe 37, 12163 Berlin<\/span><\/td>\n<\/tr>\n<tr>\n<td valign=\"TOP\" width=\"213\"><b><span style=\"font-family: Arial, Helvetica, Univers, 'Zurich BT';\">UStId:<\/span><\/b><\/td>\n<td valign=\"TOP\" width=\"262\"><span style=\"font-family: Arial, Helvetica, Univers, 'Zurich BT';\">DE 242 318 241<\/span><\/td>\n<\/tr>\n<tr valign=\"TOP\">\n<td width=\"213\" height=\"32\"><b><span style=\"font-family: Arial, Helvetica, Univers, 'Zurich BT';\">Erlaubnis nach \u00a7 34c Gewerbeordnung durch das Amt:<\/span><\/b><\/td>\n<td valign=\"BOTTOM\" width=\"262\"><span style=\"color: #010000; font-family: Arial, Helvetica, Univers, 'Zurich BT';\">Bezirksamt Steglitz-Zehlendorf von Berlin, Gewerbeamt Berlin-Steglitz, Schlo\u00dfstra\u00dfe 37, 12163 Berlin<\/span><\/td>\n<\/tr>\n<tr valign=\"TOP\">\n<td><b><span style=\"font-family: Arial, Helvetica, Univers, 'Zurich BT';\">Versicherung:<\/span><\/b><\/td>\n<td valign=\"BOTTOM\"><span style=\"color: #010000; font-family: Arial, Helvetica, Univers, 'Zurich BT';\">Verm\u00f6gensschadenhaftpflichtversicherung bei der Allianz-Aktiengesellschaft, Generalvertretung Versicherungs-Finanzhaus Ballwanz KG, Marienfelder Allee 133, 12349 Berlin &#8211; Versichert ist die gesetzliche Haftpflicht des Versicherungsnehmers f\u00fcr Verm\u00f6genssch\u00e4den in der Eigenschaft als Haus-, Grundst\u00fccks- und Hypothekenmakler, Haus- und Grundst\u00fccksverwalter.<\/span><\/td>\n<\/tr>\n<tr>\n<td height=\"16\"><\/td>\n<td><\/td>\n<\/tr>\n<\/tbody>\n<\/table>\n<\/td>\n<td colspan=\"3\"><\/td>\n<\/tr>\n<tr align=\"LEFT\" valign=\"TOP\">\n<td colspan=\"7\" height=\"1\"><\/td>\n<\/tr>\n<tr align=\"LEFT\" valign=\"TOP\">\n<td colspan=\"4\" width=\"495\">\n<p align=\"LEFT\"><b><span style=\"font-family: Arial, Helvetica, Univers, 'Zurich BT';\">Rechtliche Hinweise<\/span><\/b><\/p>\n<p>Informationen zur Online-Streitbeilegung: Die EU-Kommission hat eine Internetplattform zur Online-Beilegung von Streitigkeiten (im Folgenden: &#8222;OS-Plattform&#8220;) geschaffen. Die OS-Plattform dient als Anlaufstelle zur au\u00dfergerichtlichen Beilegung von Streitigkeiten betreffend vertragliche Verpflichtungen, die aus Online-Dienstvertr\u00e4gen erwachsen. Der Kunde kann die OS-Plattform unter dem folgenden Link erreichen: <a href=\"http:\/\/ec.europa.eu\/consumers\/odr\/\" target=\"_blank\" rel=\"noopener noreferrer\">http:\/\/ec.europa.eu\/consumers\/odr\/<\/a><\/p>\n<p>Inhalt der Internetpr\u00e4senz<span style=\"font-family: Arial, Helvetica, Univers, 'Zurich BT';\"><br \/>\nAnno Immobilien GmbH \u00fcbernimmt keinerlei Gew\u00e4hr f\u00fcr die Aktualit\u00e4t, Korrektheit, Vollst\u00e4ndigkeit oder Qualit\u00e4t der bereitgestellten Informationen. Haftungsanspr\u00fcche gegen Anno Immobilien GmbH, welche sich auf Sch\u00e4den materieller oder ideeller Art beziehen, die durch die Nutzung oder Nichtnutzung der dargebotenen Informationen bzw. durch die Nutzung fehlerhafter und unvollst\u00e4ndiger Informationen verursacht wurden sind grunds\u00e4tzlich ausgeschlossen, sofern von Anno Immobilien GmbH kein nachweislich vors\u00e4tzliches oder grob fahrl\u00e4ssiges Verschulden vorliegt.<br \/>\nAlle Angebote sind freibleibend und unverbindlich. Anno Immobilien GmbH beh\u00e4lt es sich ausdr\u00fccklich vor, Teile der Seiten oder das gesamte Angebot ohne gesonderte Ank\u00fcndigung zu ver\u00e4ndern, zu erg\u00e4nzen, zu l\u00f6schen oder die Ver\u00f6ffentlichung zeitweise oder endg\u00fcltig einzustellen.<\/span><\/p>\n<p><b>Hinweis zur Problematik von externen Links<br \/>\n<\/b>Anno Immobilien GmbH ist als Inhaltsanbieter f\u00fcr die &#8222;eigenen Inhalte&#8220;, die Anno Immobilien GmbH zur Nutzung bereith\u00e4lt, nach den allgemeinen Gesetzen verantwortlich.<br \/>\nIn dieser Internetpr\u00e4senz existieren Querverweise (&#8222;Links&#8220;) auf\u00a0 von anderen Anbietern bereitgehaltene Inhalte. F\u00fcr diese fremden Inhalte ist Anno Immobilien GmbH nur dann verantwortlich, wenn Anno Immobilien GmbH von ihnen (d.h. auch von einem rechtswidrigen bzw. strafbaren Inhalt) positive Kenntnis hat und es Anno Immobilien GmbH technisch m\u00f6glich und zumutbar ist, deren Nutzung zu verhindern.<br \/>\nBei &#8222;Links&#8220; handelt es sich allerdings stets um &#8222;lebende&#8220; (dynamische) Verweisungen. Anno Immobilien GmbH hat bei der erstmaligen Verkn\u00fcpfung zwar den fremden Inhalt daraufhin \u00fcberpr\u00fcft, ob durch ihn eine m\u00f6gliche zivilrechtliche oder strafrechtliche Verantwortlichkeit ausgel\u00f6st wird, Anno Immobilien GmbH ist aber nicht dazu verpflichtet, die Inhalte, auf die Anno Immobilien GmbH innerhalb dieser Seiten verweist, st\u00e4ndig auf Ver\u00e4nderungen zu \u00fcberpr\u00fcfen, die eine Verantwortlichkeit neu begr\u00fcnden k\u00f6nnten. Erst wenn wir feststellen oder von anderen darauf hingewiesen werden, dass ein konkretes Angebot, zu dem wir einen Link bereitgestellt haben, eine zivil- oder strafrechtliche Verantwortlichkeit ausl\u00f6st, werden wir den Verweis auf dieses Angebot aufheben, soweit uns dies technisch m\u00f6glich und zumutbar ist. Die technische M\u00f6glichkeit und Zumutbarkeit wird nicht dadurch beeinflu\u00dft, dass auch nach Unterbindung des Zugriffs von unserer Homepage von anderen Servern aus auf das rechtswidrige oder strafbare Angebot zugegriffen werden kann.<\/p>\n<p><b>Speicherung von Zugriffsdaten<br \/>\n<\/b>Bei jeder Anforderung einer Datei aus dieser Internetpr\u00e4senz werden Zugriffsdaten gespeichert. Jeder Datensatz besteht aus:<\/p>\n<ul>\n<li>der Seite, von der aus die Datei angefordert wurde<\/li>\n<li>dem Namen der Datei<\/li>\n<li>dem Datum und Uhrzeit der Anforderung<\/li>\n<li>der \u00fcbertragenen Datenmenge<\/li>\n<li>dem Zugriffsstatus (Datei \u00fcbertragen, Datei nicht gefunden etc.)<\/li>\n<li>einer Beschreibung des Typs des verwendeten Webbrowsers<\/li>\n<li>Anfragende Domain<\/li>\n<\/ul>\n<p align=\"LEFT\"><span style=\"font-family: Arial, Helvetica, Univers, 'Zurich BT';\">Die gespeicherten Daten werden ausschlie\u00dflich zu statistischen Zwecken ausgewertet, eine Weitergabe an Dritte, auch in Ausz\u00fcgen, findet nicht statt.<\/span><\/p>\n<p><b>Personenbezogene Daten<br \/>\n<\/b>Innerhalb dieser Internetpr\u00e4senz besteht die M\u00f6glichkeit, uns personenbezogene Daten zu \u00fcbermitteln. &#8222;Personenbezogene Daten&#8220; sind Informationen, die genutzt werden k\u00f6nnen, um Ihre Identit\u00e4t zu erfahren. Darunter fallen Informationen wie Ihr Name, Adresse, Postanschrift, Telefonnummer, eMail-Adresse.<\/p>\n<p>Hinsichtlich Ihrer personenbezogenen Daten weisen wir gem\u00e4\u00df \u00a7 33 BDSG darauf hin, dass diese nach Ma\u00dfgabe der anwendbaren Datenschutzbestimmungen gespeichert und\/oder \u00fcbertragen werden.<br \/>\nIm \u00fcbrigen werden personenbezogene Daten absolut vertraulich behandelt und nur mit gesonderter Zustimmung an Dritte weitergeleitet.<\/p>\n<p>Wir weisen Sie ausdr\u00fccklich darauf hin, dass der Datenschutz in offenen Netzen wie dem Internet nach dem derzeitigem Stand der Technik nicht vollst\u00e4ndig gew\u00e4hrleistet werden kann.<\/p>\n<p>Wir wissen das Vertrauen zu sch\u00e4tzen, das Sie uns entgegenbringen, und wenden \u00e4u\u00dferste Sorgfalt an, um Ihre pers\u00f6nlichen Angaben zu sch\u00fctzen. Wenn Sie Fragen haben, k\u00f6nnen Sie sich auch direkt an uns wenden.<\/p>\n<p><b>Urheber- und Kennzeichenrecht<br \/>\n<\/b>Anno Immobilien GmbH ist bestrebt, die Urheberrechte der verwendeten Grafiken, Tondokumente, Videosequenzen und Texte zu beachten, selbst erstellte Grafiken, Tondokumente, Videosequenzen und Texte zu nutzen oder auf lizenzfreie Grafiken, Tondokumente, Videosequenzen und Texte zur\u00fcckzugreifen.<br \/>\nAlle innerhalb des Internetangebotes genannten und ggf. durch Dritte gesch\u00fctzten Marken- und Warenzeichen unterliegen uneingeschr\u00e4nkt den Bestimmungen des jeweils g\u00fcltigen Kennzeichenrechts und den Besitzrechten der jeweiligen eingetragenen Eigent\u00fcmer. Allein aufgrund der blo\u00dfen Nennung ist nicht der Schlu\u00df zu ziehen, dass Markenzeichen nicht durch Rechte Dritter gesch\u00fctzt sind!<br \/>\nDas Copyright f\u00fcr ver\u00f6ffentlichte, von Anno Immobilien GmbH selbst erstellte Objekte bleibt allein bei Anno Immobilien GmbH. Eine Vervielf\u00e4ltigung oder Verwendung solcher Grafiken, Tondokumente, Videosequenzen und Texte in anderen elektronischen oder gedruckten Publikationen ist ohne ausdr\u00fcckliche Zustimmung durch Anno Immobilien GmbH nicht gestattet.<\/p>\n<p><b>Rechtswirksamkeit<br \/>\n<\/b>Sofern Teile oder einzelne Formulierungen dieses Textes der geltenden Rechtslage nicht, nicht mehr oder nicht vollst\u00e4ndig entsprechen sollten, bleiben die \u00fcbrigen Teile in ihrem Inhalt und ihrer G\u00fcltigkeit davon unber\u00fchrt.<\/p>\n<p>Technik und Umsetzung: <a href=\"https:\/\/www.moa-soft.de\" target=\"_blank\" rel=\"noopener noreferrer\">AMMON \/ www.moa-soft.de<\/a><\/td>\n<\/tr>\n<\/tbody>\n<\/table>\n","protected":false},"excerpt":{"rendered":"<p>Impressum Firmenname: Anno Immobilien und Projektentwicklungs GmbH und Co. KG Kommanditisten: Uwe Kippel Stra\u00dfe: Bismarckstr. 10 PLZ\/Ort: 12157 Berlin Telefon: 030 23 88 81 30 Telefax: 030 23 88 81 28 E-Mail: info@anno-immobilien.de Vertretungsberechtigter: Anno Verwaltungs GmbH, Bismarckstr. 10, 12157 Berlin \/ Amtsgericht Charlottenburg, Handelsregisterabteilung B Amtsgerichtplatz 1, 14057 Berlin \/ HRB 19131 B \/ <span class=\"moretag\"><a href=\"https:\/\/www.anno-immobilien.de\/?page_id=1776\" class=\"btn btn-sm btn-primary\">Mehr Infos<\/a><\/span><\/p>\n","protected":false},"author":1,"featured_media":0,"parent":0,"menu_order":0,"comment_status":"closed","ping_status":"open","template":"","meta":{"footnotes":""},"class_list":["post-1776","page","type-page","status-publish","hentry"],"_links":{"self":[{"href":"https:\/\/www.anno-immobilien.de\/index.php?rest_route=\/wp\/v2\/pages\/1776","targetHints":{"allow":["GET"]}}],"collection":[{"href":"https:\/\/www.anno-immobilien.de\/index.php?rest_route=\/wp\/v2\/pages"}],"about":[{"href":"https:\/\/www.anno-immobilien.de\/index.php?rest_route=\/wp\/v2\/types\/page"}],"author":[{"embeddable":true,"href":"https:\/\/www.anno-immobilien.de\/index.php?rest_route=\/wp\/v2\/users\/1"}],"replies":[{"embeddable":true,"href":"https:\/\/www.anno-immobilien.de\/index.php?rest_route=%2Fwp%2Fv2%2Fcomments&post=1776"}],"version-history":[{"count":18,"href":"https:\/\/www.anno-immobilien.de\/index.php?rest_route=\/wp\/v2\/pages\/1776\/revisions"}],"predecessor-version":[{"id":2375,"href":"https:\/\/www.anno-immobilien.de\/index.php?rest_route=\/wp\/v2\/pages\/1776\/revisions\/2375"}],"wp:attachment":[{"href":"https:\/\/www.anno-immobilien.de\/index.php?rest_route=%2Fwp%2Fv2%2Fmedia&parent=1776"}],"curies":[{"name":"wp","href":"https:\/\/api.w.org\/{rel}","templated":true}]}}