{"id":191,"date":"2016-05-22T10:30:31","date_gmt":"2016-05-22T10:30:31","guid":{"rendered":"http:\/\/import.wpcasa.com\/oslo\/?page_id=191"},"modified":"2021-04-09T14:01:24","modified_gmt":"2021-04-09T13:01:24","slug":"home","status":"publish","type":"page","link":"https:\/\/www.anno-immobilien.de\/","title":{"rendered":"Home"},"content":{"rendered":"<div class=\"content-box\">\n<h3><strong>Herzlich Willkommen bei Ihrem Makler f\u00fcr Berlin <\/strong><\/h3>\n<p>Ihr professioneller Immobilienmakler im Raum Berlin. Wir beraten Sie in allen Fragen rund um die Immobilie und stehen Ihnen auch danach weiterhin zur Seite. Nehmen Sie mit uns Kontakt auf und lassen Sie sich von unserem individuellen Service \u00fcberzeugen!<\/p>\n<\/div>\n<div><\/div>\n<div class=\"content-box\">\n<p><strong>Wir freuen uns auf Sie!<\/strong><\/p>\n<h3><\/h3>\n<h3 class=\"content-title\">Verkaufen oder Vermieten<\/h3>\n<p>Sie haben den Wunsch Ihre Immobilie zu verkaufen oder zu vermieten? Daf\u00fcr suchen Sie einen professionellen Immobilienmakler, der die n\u00f6tigen Marktkenntnisse besitzt und den bestm\u00f6glichen Preis f\u00fcr Ihre Immobilie erzielt?<\/p>\n<p>Bei uns gehen t\u00e4glich Anfragen zu den verschiedensten Immobilien ein. Vielleicht ist es genau Ihr Objekt, das von unseren Kunden gesucht wird.<\/p>\n<p>Wir informieren Sie gerne kostenlos und unverbindlich, in einem pers\u00f6nlichen Gespr\u00e4ch, \u00fcber unsere Dienstleistungen. mehr&#8230;<\/p>\n<\/div>\n","protected":false},"excerpt":{"rendered":"<p>Herzlich Willkommen bei Ihrem Makler f\u00fcr Berlin Ihr professioneller Immobilienmakler im Raum Berlin. Wir beraten Sie in allen Fragen rund um die Immobilie und stehen Ihnen auch danach weiterhin zur Seite. Nehmen Sie mit uns Kontakt auf und lassen Sie sich von unserem individuellen Service \u00fcberzeugen! Wir freuen uns auf Sie! Verkaufen oder Vermieten Sie <span class=\"moretag\"><a href=\"https:\/\/www.anno-immobilien.de\/\" class=\"btn btn-sm btn-primary\">Mehr Infos<\/a><\/span><\/p>\n","protected":false},"author":1,"featured_media":0,"parent":0,"menu_order":0,"comment_status":"closed","ping_status":"closed","template":"page-tpl-home.php","meta":{"footnotes":""},"class_list":["post-191","page","type-page","status-publish","hentry"],"_links":{"self":[{"href":"https:\/\/www.anno-immobilien.de\/index.php?rest_route=\/wp\/v2\/pages\/191","targetHints":{"allow":["GET"]}}],"collection":[{"href":"https:\/\/www.anno-immobilien.de\/index.php?rest_route=\/wp\/v2\/pages"}],"about":[{"href":"https:\/\/www.anno-immobilien.de\/index.php?rest_route=\/wp\/v2\/types\/page"}],"author":[{"embeddable":true,"href":"https:\/\/www.anno-immobilien.de\/index.php?rest_route=\/wp\/v2\/users\/1"}],"replies":[{"embeddable":true,"href":"https:\/\/www.anno-immobilien.de\/index.php?rest_route=%2Fwp%2Fv2%2Fcomments&post=191"}],"version-history":[{"count":15,"href":"https:\/\/www.anno-immobilien.de\/index.php?rest_route=\/wp\/v2\/pages\/191\/revisions"}],"predecessor-version":[{"id":2111,"href":"https:\/\/www.anno-immobilien.de\/index.php?rest_route=\/wp\/v2\/pages\/191\/revisions\/2111"}],"wp:attachment":[{"href":"https:\/\/www.anno-immobilien.de\/index.php?rest_route=%2Fwp%2Fv2%2Fmedia&parent=191"}],"curies":[{"name":"wp","href":"https:\/\/api.w.org\/{rel}","templated":true}]}}