{"id":249,"date":"2016-05-23T12:02:42","date_gmt":"2016-05-23T12:02:42","guid":{"rendered":"http:\/\/import.wpcasa.com\/oslo\/?page_id=249"},"modified":"2018-05-22T08:44:15","modified_gmt":"2018-05-22T07:44:15","slug":"sellers-guide","status":"publish","type":"page","link":"https:\/\/www.anno-immobilien.de\/?page_id=249","title":{"rendered":"Eigent\u00fcmer"},"content":{"rendered":"<div class=\"content-box\">\n<p>&nbsp;<\/p>\n<\/div>\n<div class=\"content-box\">\n<h3 class=\"content-title\">Interessentendatenbank<\/h3>\n<p>Sie m\u00f6chten Ihre Immobilie vermieten oder verkaufen, wissen aber noch nicht, ob wir Ihr richtiger Partner sind? Mit der Interessentendatenbank k\u00f6nnen Sie die Eckdaten Ihrer Immobilie eingeben und pr\u00fcfen wieviele passende Miet- oder Kaufgesuche in unserer Datenbank gespeichert sind.<\/p>\n<\/div>\n<div class=\"content-box\">\n<h3 class=\"content-title\">Objekttracking<\/h3>\n<p>Damit der Verkaufsprozess keine Blackbox ist, k\u00f6nnen Sie in unserer Datenbank einsehen, welche Aktivit\u00e4ten wir f\u00fcr Sie unternommen haben. Sie sehen zeitnah welche Besichtigungen anstehen und was dabei rausgekommen ist. Sie k\u00f6nnen verfolgen, wem wir alles Ihre Immobilie angeboten haben. Schauen Sie uns \u00fcber die Schulter und \u00fcberzeugen Sie sich von unserer qualitativ hochwertigen Dienstleistung.<\/p>\n<\/div>\n<div class=\"content-box\">\n<div class=\"content-box\">\n<h3 class=\"content-title\">Datenraum<\/h3>\n<p>Hier k\u00f6nnen wir Ihnen und potentiellen K\u00e4ufern\/Mietern gr\u00f6\u00dfere Datenmengen unkompliziert zur Verf\u00fcgung stellen.<\/p>\n<\/div>\n<\/div>\n","protected":false},"excerpt":{"rendered":"<p>&nbsp; Interessentendatenbank Sie m\u00f6chten Ihre Immobilie vermieten oder verkaufen, wissen aber noch nicht, ob wir Ihr richtiger Partner sind? Mit der Interessentendatenbank k\u00f6nnen Sie die Eckdaten Ihrer Immobilie eingeben und pr\u00fcfen wieviele passende Miet- oder Kaufgesuche in unserer Datenbank gespeichert sind. Objekttracking Damit der Verkaufsprozess keine Blackbox ist, k\u00f6nnen Sie in unserer Datenbank einsehen, welche <span class=\"moretag\"><a href=\"https:\/\/www.anno-immobilien.de\/?page_id=249\" class=\"btn btn-sm btn-primary\">Mehr Infos<\/a><\/span><\/p>\n","protected":false},"author":1,"featured_media":0,"parent":351,"menu_order":0,"comment_status":"closed","ping_status":"closed","template":"","meta":{"footnotes":""},"class_list":["post-249","page","type-page","status-publish","hentry"],"_links":{"self":[{"href":"https:\/\/www.anno-immobilien.de\/index.php?rest_route=\/wp\/v2\/pages\/249","targetHints":{"allow":["GET"]}}],"collection":[{"href":"https:\/\/www.anno-immobilien.de\/index.php?rest_route=\/wp\/v2\/pages"}],"about":[{"href":"https:\/\/www.anno-immobilien.de\/index.php?rest_route=\/wp\/v2\/types\/page"}],"author":[{"embeddable":true,"href":"https:\/\/www.anno-immobilien.de\/index.php?rest_route=\/wp\/v2\/users\/1"}],"replies":[{"embeddable":true,"href":"https:\/\/www.anno-immobilien.de\/index.php?rest_route=%2Fwp%2Fv2%2Fcomments&post=249"}],"version-history":[{"count":6,"href":"https:\/\/www.anno-immobilien.de\/index.php?rest_route=\/wp\/v2\/pages\/249\/revisions"}],"predecessor-version":[{"id":2126,"href":"https:\/\/www.anno-immobilien.de\/index.php?rest_route=\/wp\/v2\/pages\/249\/revisions\/2126"}],"up":[{"embeddable":true,"href":"https:\/\/www.anno-immobilien.de\/index.php?rest_route=\/wp\/v2\/pages\/351"}],"wp:attachment":[{"href":"https:\/\/www.anno-immobilien.de\/index.php?rest_route=%2Fwp%2Fv2%2Fmedia&parent=249"}],"curies":[{"name":"wp","href":"https:\/\/api.w.org\/{rel}","templated":true}]}}