{"id":253,"date":"2016-05-23T12:20:31","date_gmt":"2016-05-23T12:20:31","guid":{"rendered":"http:\/\/import.wpcasa.com\/oslo\/?page_id=253"},"modified":"2018-04-10T14:50:57","modified_gmt":"2018-04-10T13:50:57","slug":"property-valuations","status":"publish","type":"page","link":"https:\/\/www.anno-immobilien.de\/?page_id=253","title":{"rendered":"Immobilienbewertung"},"content":{"rendered":"<div class=\"content-box\">\n<h3 class=\"content-title\">Immobilienbewertung<\/h3>\n<p>Wir ermitteln schnell und umkompliziert den Wert Ihrer Immobilie.<\/p>\n<\/div>\n<div class=\"content-box\">\n<h3 class=\"content-title\">Unsere Erfahrung<\/h3>\n<p>Als langj\u00e4hriger Makler kennen wir den lokalen Immobilienmarkt.<\/p>\n<\/div>\n<div class=\"content-box\">\n<h3 class=\"content-title\">Ausbildung<\/h3>\n<p>Um Ihre Immobilie fachgerecht bewerten zu k\u00f6nnen, bilden wir uns st\u00e4ndig weiter und sind zertifizierte Sachverst\u00e4ndige.<\/p>\n<\/div>\n","protected":false},"excerpt":{"rendered":"<p>Immobilienbewertung Wir ermitteln schnell und umkompliziert den Wert Ihrer Immobilie. Unsere Erfahrung Als langj\u00e4hriger Makler kennen wir den lokalen Immobilienmarkt. Ausbildung Um Ihre Immobilie fachgerecht bewerten zu k\u00f6nnen, bilden wir uns st\u00e4ndig weiter und sind zertifizierte Sachverst\u00e4ndige.<\/p>\n","protected":false},"author":1,"featured_media":0,"parent":351,"menu_order":0,"comment_status":"closed","ping_status":"closed","template":"","meta":{"footnotes":""},"class_list":["post-253","page","type-page","status-publish","hentry"],"_links":{"self":[{"href":"https:\/\/www.anno-immobilien.de\/index.php?rest_route=\/wp\/v2\/pages\/253","targetHints":{"allow":["GET"]}}],"collection":[{"href":"https:\/\/www.anno-immobilien.de\/index.php?rest_route=\/wp\/v2\/pages"}],"about":[{"href":"https:\/\/www.anno-immobilien.de\/index.php?rest_route=\/wp\/v2\/types\/page"}],"author":[{"embeddable":true,"href":"https:\/\/www.anno-immobilien.de\/index.php?rest_route=\/wp\/v2\/users\/1"}],"replies":[{"embeddable":true,"href":"https:\/\/www.anno-immobilien.de\/index.php?rest_route=%2Fwp%2Fv2%2Fcomments&post=253"}],"version-history":[{"count":5,"href":"https:\/\/www.anno-immobilien.de\/index.php?rest_route=\/wp\/v2\/pages\/253\/revisions"}],"predecessor-version":[{"id":1964,"href":"https:\/\/www.anno-immobilien.de\/index.php?rest_route=\/wp\/v2\/pages\/253\/revisions\/1964"}],"up":[{"embeddable":true,"href":"https:\/\/www.anno-immobilien.de\/index.php?rest_route=\/wp\/v2\/pages\/351"}],"wp:attachment":[{"href":"https:\/\/www.anno-immobilien.de\/index.php?rest_route=%2Fwp%2Fv2%2Fmedia&parent=253"}],"curies":[{"name":"wp","href":"https:\/\/api.w.org\/{rel}","templated":true}]}}